{"id":401,"date":"2016-05-24T22:32:51","date_gmt":"2016-05-24T20:32:51","guid":{"rendered":"http:\/\/asfleisch.anventors.com\/?page_id=401&#038;lang=tr"},"modified":"2022-11-30T17:13:07","modified_gmt":"2022-11-30T16:13:07","slug":"et","status":"publish","type":"page","link":"https:\/\/www.as-fleisch.de\/tr\/et\/","title":{"rendered":"Et"},"content":{"rendered":"<p>[vc_row css=&#8221;.vc_custom_1461847061352{margin-top: 80px !important;}&#8221;][vc_column][vc_custom_heading text=&#8221;Et \u00f6nemli bir enerji kayna\u011f\u0131d\u0131r&#8221; font_container=&#8221;tag:h1|text_align:center&#8221; use_theme_fonts=&#8221;yes&#8221;][vc_separator style=&#8221;shadow&#8221;][vc_column_text]Et \u00fcr\u00fcnleri art\u0131k bir \u00e7ok insan i\u00e7in d\u00fcnya mutfaklar\u0131n\u0131n olmazsa olmaz\u0131 durumundad\u0131r. Tecr\u00fcbeli ve kalifiye elemanlardan olu\u015fan AS-Fleisch &#8211; Et Pazar\u0131\u00a0kadrosu kendini bu kanaatten yola \u00e7\u0131karak birinci s\u0131n\u0131f et i\u015fleme ve salam sosis \u00fcr\u00fcnleri \u00fcretme hizmetine adam\u0131\u015ft\u0131r.<\/p>\n<p>Bizden sadece y\u00fcksek kaliteli ve g\u00fcvenilir helal kesim s\u0131\u011f\u0131r eti, kuzu eti ve beyaz et al\u0131rs\u0131n\u0131z. Ayn\u0131 \u015fekilde salam sosis cinsi \u00fcr\u00fcnlerimiz de kendi kesimhanelerimizde usul\u00fcne uygun olarak kesilen hayvanlar\u0131n etinden yap\u0131lmaktad\u0131r.<\/p>\n<p>Sizlere lezzetli et t\u00fcrlerinden olu\u015fan geni\u015f bir yelpaze ve kaliteli etlerden \u00fcretilmi\u015f salam ve sosislerden olu\u015fan kapsaml\u0131 bir \u00e7e\u015fitlilik sunuyoruz. Geni\u015f yemek repertuvar\u0131n\u0131z\u0131 bizim et \u00fcr\u00fcnlerimizle daha da zenginle\u015ftirir ve bu \u015fekilde ailenizin ve konuklar\u0131n\u0131z\u0131n bol proteinli ho\u015f tatlarla dolu beslenmesini sa\u011flam\u0131\u015f olursunuz.[\/vc_column_text][vc_column_text]<\/p>\n<h2 style=\"text-align: center;\">Kuzu Eti<\/h2>\n<p>[\/vc_column_text][vc_separator style=&#8221;shadow&#8221;][vc_single_image image=&#8221;253&#8243; img_size=&#8221;full&#8221; alignment=&#8221;center&#8221; css=&#8221;.vc_custom_1461843102178{margin-top: 0px !important;margin-bottom: 0px !important;padding-top: 0px !important;padding-bottom: 0px !important;}&#8221;][vc_column_text]<\/p>\n<table>\n<thead>\n<tr>\n<th>Et<\/th>\n<th>Miktar<\/th>\n<th>Fiyat<\/th>\n<\/tr>\n<\/thead>\n<tbody>\n<tr>\n<td>Kuzu Kaburga<\/td>\n<td>1 KG<\/td>\n<td>\u00a0auf Anfrage<\/td>\n<\/tr>\n<tr>\n<td>Kuzu Budu<\/td>\n<td>1 KG<\/td>\n<td>\u00a0auf Anfrage<\/td>\n<\/tr>\n<tr>\n<td>Kuzu \u00d6nkol<\/td>\n<td>1 KG<\/td>\n<td>\u00a0auf Anfrage<\/td>\n<\/tr>\n<tr>\n<td>Kuzu Pirzola<\/td>\n<td>1 KG<\/td>\n<td>\u00a0auf Anfrage<\/td>\n<\/tr>\n<tr>\n<td>Kuzu Boynu<\/td>\n<td>1 KG<\/td>\n<td>\u00a0auf Anfrage<\/td>\n<\/tr>\n<tr>\n<td>Kuzu Bel<\/td>\n<td>1 KG<\/td>\n<td>\u00a0auf Anfrage<\/td>\n<\/tr>\n<tr>\n<td>Kuzu Ciger veya Kalb<\/td>\n<td>1 KG<\/td>\n<td>\u00a0auf Anfrage<\/td>\n<\/tr>\n<tr>\n<td>B\u00fct\u00fcn yada yarim Koyun<\/td>\n<td>1 KG<\/td>\n<td>\u00a0auf Anfrage<\/td>\n<\/tr>\n<tr>\n<td>B\u00fct\u00fcn Kuzu (Yarim Kuzu)<\/td>\n<td>1 KG<\/td>\n<td>\u00a0auf Anfrage<\/td>\n<\/tr>\n<\/tbody>\n<\/table>\n<p>[\/vc_column_text][\/vc_column][\/vc_row][vc_row css=&#8221;.vc_custom_1460540929895{margin-top: 40px !important;}&#8221;][vc_column][vc_column_text]<\/p>\n<h2 style=\"text-align: center;\">Dana Eti<\/h2>\n<p>[\/vc_column_text][vc_separator style=&#8221;shadow&#8221;][vc_single_image image=&#8221;254&#8243; img_size=&#8221;full&#8221; alignment=&#8221;center&#8221; css=&#8221;.vc_custom_1461843112965{margin-top: 0px !important;margin-bottom: 0px !important;padding-top: 0px !important;padding-bottom: 0px !important;}&#8221;][vc_column_text]<\/p>\n<table>\n<thead>\n<tr>\n<th>Et<\/th>\n<th>Miktar<\/th>\n<th>Fiyat<\/th>\n<\/tr>\n<\/thead>\n<tbody>\n<tr>\n<td>S\u00fct Danasi (5 KG itibaren)<\/td>\n<td>1 KG<\/td>\n<td><p>auf Anfrage<\/p>\n<\/td>\n<\/tr>\n<tr>\n<td>Kiyma<\/td>\n<td>1 KG<\/td>\n<td><p>auf Anfrage<\/p>\n<\/td>\n<\/tr>\n<tr>\n<td>Karisik Kiyma (Dana ve Kuzu)<\/td>\n<td>1 KG<\/td>\n<td><p>auf Anfrage<\/p>\n<\/td>\n<\/tr>\n<tr>\n<td>Dana Kusbasi<\/td>\n<td>1 KG<\/td>\n<td><p>auf Anfrage<\/p>\n<\/td>\n<\/tr>\n<tr>\n<td>Dana Parca ET<\/td>\n<td>1 KG<\/td>\n<td><p>auf Anfrage<\/p>\n<\/td>\n<\/tr>\n<tr>\n<td>Tosun Kaburga<\/td>\n<td>1 KG<\/td>\n<td><p>auf Anfrage<\/p>\n<\/td>\n<\/tr>\n<tr>\n<td>Dana Kaburga (Kurutulmus)<\/td>\n<td>1 KG<\/td>\n<td><p>auf Anfrage<\/p>\n<\/td>\n<\/tr>\n<tr>\n<td>Dana Iskembe\u00a0(Temiz)<\/td>\n<td>1 KG<\/td>\n<td><p>auf Anfrage<\/p>\n<\/td>\n<\/tr>\n<tr>\n<td>Dana Filet<\/td>\n<td>1 KG<\/td>\n<td><p>auf Anfrage<\/p>\n<\/td>\n<\/tr>\n<tr>\n<td>Genc Tosun Filet<\/td>\n<td>1 KG<\/td>\n<td><p>auf Anfrage<\/p>\n<\/td>\n<\/tr>\n<tr>\n<td>Kiymalik Et<\/td>\n<td>1 KG<\/td>\n<td><p>auf Anfrage<\/p>\n<\/td>\n<\/tr>\n<tr>\n<td>B\u00fcftek<\/td>\n<td>1 KG<\/td>\n<td><p>auf Anfrage<\/p>\n<\/td>\n<\/tr>\n<tr>\n<td>Dana Kemikli Et<\/td>\n<td>1 KG<\/td>\n<td><p>auf Anfrage<\/p>\n<\/td>\n<\/tr>\n<tr>\n<td>Dana Budu b\u00fct\u00fcn parca<\/td>\n<td>1 KG<\/td>\n<td><p>auf Anfrage<\/p>\n<\/td>\n<\/tr>\n<tr>\n<td>Dana \u00d6n Kol b\u00fct\u00fcn parca<\/td>\n<td>1 KG<\/td>\n<td><p>auf Anfrage<\/p>\n<\/td>\n<\/tr>\n<tr>\n<td>Dana Ciger, B\u00f6brek veya Kalp<\/td>\n<td>1 KG<\/td>\n<td><p>auf Anfrage<\/p>\n<\/td>\n<\/tr>\n<tr>\n<td>Dana Ayak<\/td>\n<td>1 KG<\/td>\n<td><p>auf Anfrage<\/p>\n<\/td>\n<\/tr>\n<tr>\n<td>Dana kuyruk<\/td>\n<td>1 KG<\/td>\n<td><p>auf Anfrage<\/p>\n<\/td>\n<\/tr>\n<tr>\n<td>Yemeklik Et (Kemikli)<\/td>\n<td>1 KG<\/td>\n<td><p>auf Anfrage<\/p>\n<\/td>\n<\/tr>\n<tr>\n<td>Dana Dil<\/td>\n<td>1 KG<\/td>\n<td><p>auf Anfrage<\/p>\n<\/td>\n<\/tr>\n<\/tbody>\n<\/table>\n<p>[\/vc_column_text][\/vc_column][\/vc_row][vc_row disable_element=&#8221;yes&#8221; css=&#8221;.vc_custom_1581941915705{margin-top: 40px !important;}&#8221;][vc_column][vc_column_text]<\/p>\n<h2 style=\"text-align: center;\">Tosun Eti<\/h2>\n<p>[\/vc_column_text][vc_separator style=&#8221;shadow&#8221;][vc_single_image image=&#8221;292&#8243; img_size=&#8221;full&#8221; alignment=&#8221;center&#8221; css=&#8221;.vc_custom_1462866908234{margin-top: 0px !important;margin-bottom: 0px !important;padding-top: 0px !important;padding-bottom: 0px !important;}&#8221;][vc_column_text]<\/p>\n<table>\n<thead>\n<tr>\n<th>Et<\/th>\n<th>Miktar<\/th>\n<th>Fiyat<\/th>\n<\/tr>\n<\/thead>\n<tbody>\n<tr>\n<td>Kiyma<\/td>\n<td>1 KG<\/td>\n<td>4,99 \u20ac<\/td>\n<\/tr>\n<tr>\n<td>Karisik Kiyma (Tosun\u00a0ve Kuzu)<\/td>\n<td>1 KG<\/td>\n<td>4,99 \u20ac<\/td>\n<\/tr>\n<tr>\n<td>Tosun Et Sarmasi<\/td>\n<td>1 KG<\/td>\n<td>7,99 \u20ac<\/td>\n<\/tr>\n<tr>\n<td>Tosun Kusbasi<\/td>\n<td>1 KG<\/td>\n<td>6,99 \u20ac<\/td>\n<\/tr>\n<tr>\n<td>Tosun Parca Et<\/td>\n<td>1 KG<\/td>\n<td>7,49 \u20ac<\/td>\n<\/tr>\n<tr>\n<td>Tosun\u00a0Sarmalik Et<\/td>\n<td>1 KG<\/td>\n<td>7,99 \u20ac<\/td>\n<\/tr>\n<tr>\n<td>Tosun\u00a0filet<\/td>\n<td>1 KG<\/td>\n<td>19,99 \u20ac<\/td>\n<\/tr>\n<tr>\n<td>Tosun\u00a0Kiymalik Et<\/td>\n<td>1 KG<\/td>\n<td>4,99 \u20ac<\/td>\n<\/tr>\n<tr>\n<td>Tosun\u00a0B\u00fcftek<\/td>\n<td>1 KG<\/td>\n<td>14,99 \u20ac<\/td>\n<\/tr>\n<tr>\n<td>Tosun\u00a0Haslamalik Et<\/td>\n<td>1 KG<\/td>\n<td>4,49 \u20ac<\/td>\n<\/tr>\n<tr>\n<td>Tosun\u00a0Butu b\u00fct\u00fcn parca<\/td>\n<td>1 KG<\/td>\n<td>5,99 \u20ac<\/td>\n<\/tr>\n<tr>\n<td>Tosun\u00a0\u00f6n kol<\/td>\n<td>1 KG<\/td>\n<td>4,99 \u20ac<\/td>\n<\/tr>\n<\/tbody>\n<\/table>\n<p>[\/vc_column_text][\/vc_column][\/vc_row][vc_row css=&#8221;.vc_custom_1460540929895{margin-top: 40px !important;}&#8221;][vc_column][vc_column_text]<\/p>\n<h2 style=\"text-align: center;\">Tavuk Eti<\/h2>\n<p>[\/vc_column_text][vc_separator style=&#8221;shadow&#8221;][vc_single_image image=&#8221;252&#8243; img_size=&#8221;full&#8221; alignment=&#8221;center&#8221; css=&#8221;.vc_custom_1461843125978{margin-top: 0px !important;margin-bottom: 0px !important;padding-top: 0px !important;padding-bottom: 0px !important;}&#8221;][vc_column_text]<\/p>\n<table>\n<thead>\n<tr>\n<th>Et<\/th>\n<th>Miktar<\/th>\n<th>Fiyat<\/th>\n<\/tr>\n<\/thead>\n<tbody>\n<tr>\n<td>Tavuk Kanadi<\/td>\n<td>1 KG<\/td>\n<td><p>auf Anfrage<\/p>\n<\/td>\n<\/tr>\n<tr>\n<td>Tavuk Budu<\/td>\n<td>1 KG<\/td>\n<td><p>auf Anfrage<\/p>\n<\/td>\n<\/tr>\n<tr>\n<td>Tavuk S\u00fcper But veya Pirzola<\/td>\n<td>1 KG<\/td>\n<td><p>auf Anfrage<\/p>\n<\/td>\n<\/tr>\n<tr>\n<td>Tavuk Budu(Kemiksiz)<\/td>\n<td>1 KG<\/td>\n<td><p>auf Anfrage<\/p>\n<\/td>\n<\/tr>\n<tr>\n<td>Hindi Boyun<\/td>\n<td>1 KG<\/td>\n<td><p>auf Anfrage<\/p>\n<\/td>\n<\/tr>\n<tr>\n<td>Hindi Eti<\/td>\n<td>1 KG<\/td>\n<td><p>auf Anfrage<\/p>\n<\/td>\n<\/tr>\n<tr>\n<td>Hindi G\u00f6\u011f\u00fcs\u00fc<\/td>\n<td>1 KG<\/td>\n<td><p>auf Anfrage<\/p>\n<\/td>\n<\/tr>\n<tr>\n<td>Tavuk G\u00f6\u011f\u00fcs\u00fc<\/td>\n<td>1 KG<\/td>\n<td><p>auf Anfrage<\/p>\n<\/td>\n<\/tr>\n<tr>\n<td>Tavuk i\u00e7 takim<\/td>\n<td>1 KG<\/td>\n<td><p>auf Anfrage<\/p>\n<\/td>\n<\/tr>\n<tr>\n<td>T\u00fcm Tavuk 1000gr lik<\/td>\n<td>1 Tane<\/td>\n<td><p>auf Anfrage<\/p>\n<\/td>\n<\/tr>\n<\/tbody>\n<\/table>\n<p>[\/vc_column_text][\/vc_column][\/vc_row][vc_row css=&#8221;.vc_custom_1460540929895{margin-top: 40px !important;}&#8221;][vc_column][vc_column_text]<\/p>\n<h2 style=\"text-align: center;\">Sucuk \u00dcr\u00fcnlerimiz<\/h2>\n<p>[\/vc_column_text][vc_separator style=&#8221;shadow&#8221;][vc_column_text]<\/p>\n<table>\n<thead>\n<tr>\n<th>Et<\/th>\n<th>Miktar<\/th>\n<th>Fiyat<\/th>\n<\/tr>\n<\/thead>\n<tbody>\n<tr>\n<td>AS Tavuk Sosis<\/td>\n<td>700gr\/pk<\/td>\n<td><p>auf Anfrage<\/p>\n<\/td>\n<\/tr>\n<tr>\n<td>Dana Sosis (Peynirli)<\/td>\n<td>500 gr\/Pk<\/td>\n<td><p>auf Anfrage<\/p>\n<\/td>\n<\/tr>\n<tr>\n<td>Ringe Kosova-Albanische Wurst ( 10 kg itibaren )<\/td>\n<td>1 KG<\/td>\n<td><p>auf Anfrage<\/p>\n<\/td>\n<\/tr>\n<tr>\n<td>Kosovo-Albanische Wurst mit Pute ( 10 kg Itibaren )<\/td>\n<td>1 KG<\/td>\n<td><p>auf Anfrage<\/p>\n<\/td>\n<\/tr>\n<tr>\n<td>Virshle (Sharf) Kosova-Albanische Wurst ( 10 kg itibaren )<\/td>\n<td>1 KG<\/td>\n<td><p>auf Anfrage<\/p>\n<\/td>\n<\/tr>\n<tr>\n<td>Cevapcici<\/td>\n<td>1 KG<\/td>\n<td><p>auf Anfrage<\/p>\n<\/td>\n<\/tr>\n<tr>\n<td>Hamburger<\/td>\n<td>1 KG<\/td>\n<td><p>auf Anfrage<\/p>\n<\/td>\n<\/tr>\n<tr>\n<td>Roher Rinderschinken (Trockenfleisch)<\/td>\n<td>1 KG<\/td>\n<td><p>auf Anfrage<\/p>\n<\/td>\n<\/tr>\n<tr>\n<td>Sucuk Kosova-Albanische Wurst<\/td>\n<td>1 KG<\/td>\n<td><p>auf Anfrage<\/p>\n<\/td>\n<\/tr>\n<tr>\n<td>Merguez (4kg itibaren)<\/td>\n<td>1 KG<\/td>\n<td><p>auf Anfrage<\/p>\n<\/td>\n<\/tr>\n<tr>\n<td>Merguez (Scharf)(4kg itibaren)<\/td>\n<td>1 KG<\/td>\n<td><p>auf Anfrage<\/p>\n<\/td>\n<\/tr>\n<tr>\n<td>Meanek\u00a0(4kg itibaren)<\/td>\n<td>1 KG<\/td>\n<td><p>auf Anfrage<\/p>\n<\/td>\n<\/tr>\n<tr>\n<td>Lamm Bratwurst<\/td>\n<td>500 g<\/td>\n<td><p>auf Anfrage<\/p>\n<\/td>\n<\/tr>\n<tr>\n<td>Rinder o. Puten Bratwurst<\/td>\n<td>500 g<\/td>\n<td><p>auf Anfrage<\/p>\n<\/td>\n<\/tr>\n<tr>\n<td>AS Fleisch Gefl\u00fcgelbratwurst<\/td>\n<td>700 gr\/pk<\/td>\n<td><p>auf Anfrage<\/p>\n<\/td>\n<\/tr>\n<tr>\n<td>Wiener Knackwurst nach T\u00fcrkischer Art (4 kg itibaren )<\/td>\n<td>1 KG<\/td>\n<td><p>auf Anfrage<\/p>\n<\/td>\n<\/tr>\n<\/tbody>\n<\/table>\n<p>[\/vc_column_text][\/vc_column][\/vc_row]<\/p>\n","protected":false},"excerpt":{"rendered":"<p>[vc_row css=&#8221;.vc_custom_1461847061352{margin-top: 80px !important;}&#8221;][vc_column][vc_custom_heading text=&#8221;Et \u00f6nemli bir enerji kayna\u011f\u0131d\u0131r&#8221; font_container=&#8221;tag:h1|text_align:center&#8221; use_theme_fonts=&#8221;yes&#8221;][vc_separator style=&#8221;shadow&#8221;][vc_column_text]Et \u00fcr\u00fcnleri art\u0131k bir \u00e7ok insan i\u00e7in d\u00fcnya mutfaklar\u0131n\u0131n olmazsa olmaz\u0131 durumundad\u0131r. Tecr\u00fcbeli ve kalifiye<span class=\"excerpt-hellip\"> [\u2026]<\/span><\/p>\n","protected":false},"author":1,"featured_media":0,"parent":0,"menu_order":0,"comment_status":"closed","ping_status":"closed","template":"","meta":{"footnotes":""},"class_list":["post-401","page","type-page","status-publish","hentry"],"_links":{"self":[{"href":"https:\/\/www.as-fleisch.de\/tr\/wp-json\/wp\/v2\/pages\/401","targetHints":{"allow":["GET"]}}],"collection":[{"href":"https:\/\/www.as-fleisch.de\/tr\/wp-json\/wp\/v2\/pages"}],"about":[{"href":"https:\/\/www.as-fleisch.de\/tr\/wp-json\/wp\/v2\/types\/page"}],"author":[{"embeddable":true,"href":"https:\/\/www.as-fleisch.de\/tr\/wp-json\/wp\/v2\/users\/1"}],"replies":[{"embeddable":true,"href":"https:\/\/www.as-fleisch.de\/tr\/wp-json\/wp\/v2\/comments?post=401"}],"version-history":[{"count":69,"href":"https:\/\/www.as-fleisch.de\/tr\/wp-json\/wp\/v2\/pages\/401\/revisions"}],"predecessor-version":[{"id":1441,"href":"https:\/\/www.as-fleisch.de\/tr\/wp-json\/wp\/v2\/pages\/401\/revisions\/1441"}],"wp:attachment":[{"href":"https:\/\/www.as-fleisch.de\/tr\/wp-json\/wp\/v2\/media?parent=401"}],"curies":[{"name":"wp","href":"https:\/\/api.w.org\/{rel}","templated":true}]}}